{"id":1470,"date":"2023-10-23T16:08:08","date_gmt":"2023-10-23T15:08:08","guid":{"rendered":"https:\/\/devmklst.mjano.com\/components-and-architecture\/"},"modified":"2024-01-05T10:19:25","modified_gmt":"2024-01-05T09:19:25","slug":"components-and-architecture","status":"publish","type":"page","link":"https:\/\/devmklst.mjano.com\/en\/components-and-architecture\/","title":{"rendered":"Components and architecture"},"content":{"rendered":"\n<div class=\"section-wrapper\" data-id=\"P6sVWZ\"><section class=\"wp-block-gutenverse-section guten-element guten-section guten-P6sVWZ animated guten-element-hide slow desktop-fadeInUp layout-boxed align-middle\"><div class=\"guten-background-overlay\"><\/div><div class=\"guten-shape-divider guten-shape-divider-top\"><\/div><div class=\"guten-shape-divider guten-shape-divider-bottom\"><\/div><div class=\"guten-container guten-column-gap-no\"><\/div><\/section><\/div>\n\n\n\n<div class=\"section-wrapper\" data-id=\"nay8IQ\"><section class=\"wp-block-gutenverse-section guten-element guten-section guten-nay8IQ layout-boxed align-stretch\"><div class=\"guten-background-overlay\"><\/div><div class=\"guten-shape-divider guten-shape-divider-top\"><\/div><div class=\"guten-shape-divider guten-shape-divider-bottom\"><\/div><div class=\"guten-container guten-column-gap-default\">\n<div class=\"wp-block-gutenverse-column guten-element guten-column guten-6bq92R\"><div class=\"guten-background-overlay\"><\/div><div class=\"sticky-wrapper\" data-id=\"6bq92R\"><div class=\"guten-column-wrapper\">\n<h2 class=\"wp-block-gutenverse-heading guten-element guten-4aGuei\">Components and architecture<\/h2>\n<\/div><\/div><\/div>\n<\/div><\/section><\/div>\n\n\n\n<div class=\"section-wrapper\" data-id=\"H8d2EO\"><section class=\"wp-block-gutenverse-section guten-element guten-section guten-H8d2EO layout-boxed align-stretch\"><div class=\"guten-background-overlay\"><\/div><div class=\"guten-shape-divider guten-shape-divider-top\"><\/div><div class=\"guten-shape-divider guten-shape-divider-bottom\"><\/div><div class=\"guten-container guten-column-gap-default\">\n<div class=\"wp-block-gutenverse-column guten-element guten-column guten-AoWPJO\"><div class=\"guten-background-overlay\"><\/div><div class=\"sticky-wrapper\" data-id=\"AoWPJO\"><div class=\"guten-column-wrapper\">\n<div class=\"section-wrapper\" data-id=\"PVvNz3\"><section class=\"wp-block-gutenverse-section guten-element guten-section guten-PVvNz3 layout-boxed align-stretch\"><div class=\"guten-background-overlay\"><\/div><div class=\"guten-shape-divider guten-shape-divider-top\"><\/div><div class=\"guten-shape-divider guten-shape-divider-bottom\"><\/div><div class=\"guten-container guten-column-gap-no\">\n<div class=\"wp-block-gutenverse-column guten-element guten-column guten-C2FamW\"><div class=\"guten-background-overlay\"><\/div><div class=\"sticky-wrapper\" data-id=\"C2FamW\"><div class=\"guten-column-wrapper\">\n<h2 class=\"wp-block-gutenverse-heading guten-element guten-rOTdRc animated guten-element-hide desktop-fadeInRight\">Provisioning and configuration of equipment<\/h2>\n\n\n\n<div class=\"guten-element gutenverse-text-editor guten-H5rWBY animated guten-element-hide desktop-fadeInRight\"><div class=\"text-content-inner\">\n<div class=\"wp-block-group is-layout-constrained wp-block-group-is-layout-constrained\" style=\"margin-top:0;margin-bottom:0\">\n<p style=\"font-size:22px;line-height:1.6\"><strong>Jano Provisioning.<\/strong>  The Jano Provisioning app allows you to easily and quickly configure the solution&#8217;s hardware, associating it with the elements to be controlled.<\/p>\n\n\n\n<p style=\"font-size:22px;line-height:1.6\"><strong>Jano Reader.  <\/strong>The Jano reader is a device connected to the Jano central control system via ethernet cable, wifi or POE that displays dynamic codes. It also allows the reading of RFID cards.<\/p>\n\n\n\n<p style=\"font-size:22px;line-height:1.6\"><strong>Janus actuator.  <\/strong>The Jano actuator is a device electrically connected to the control elements and, by cable or wifi, to the Jano access control.<\/p>\n<\/div>\n<\/div><\/div>\n<\/div><\/div><\/div>\n<\/div><\/section><\/div>\n\n\n\n<div class=\"section-wrapper\" data-id=\"u7LUAp\"><section class=\"wp-block-gutenverse-section guten-element guten-section guten-u7LUAp layout-boxed align-stretch\"><div class=\"guten-background-overlay\"><\/div><div class=\"guten-shape-divider guten-shape-divider-top\"><\/div><div class=\"guten-shape-divider guten-shape-divider-bottom\"><\/div><div class=\"guten-container guten-column-gap-no\">\n<div class=\"wp-block-gutenverse-column guten-element guten-column guten-IyXyxK\"><div class=\"guten-background-overlay\"><\/div><div class=\"sticky-wrapper\" data-id=\"IyXyxK\"><div class=\"guten-column-wrapper\">\n<h2 class=\"wp-block-gutenverse-heading guten-element guten-EiYrqF animated guten-element-hide desktop-fadeInRight\">Administration and access<\/h2>\n\n\n\n<div class=\"guten-element gutenverse-text-editor guten-7MbXDB animated guten-element-hide desktop-fadeInRight\"><div class=\"text-content-inner\">\n<div class=\"wp-block-group is-layout-constrained wp-block-group-is-layout-constrained\">\n<p style=\"font-size:22px;line-height:1.6\"><strong>Administration console.  <\/strong>From the web administration console you create the  <strong>structure of the control elements  <\/strong>(doors, turnstiles, lockers, etc.), users&#8217; virtual keys are managed (registrations, cancellations, modifications or temporary deactivations) by  <strong>accesses, <strong>areas<\/strong><\/strong>,  <strong>security levels and schedules<\/strong>  and  <strong>send to cell phone  <\/strong>requests for the activation of credentials.<\/p>\n\n\n\n<p style=\"font-size:22px;line-height:1.6\">It is also possible to <strong>remotely <\/strong> <strong>operate<\/strong> the controls from the console (opening or closing), <strong>consult their status<\/strong> or view the <strong>access history<\/strong> of a given control. It also has other system configuration and management utilities, such as: device management, logo and branding, etc.<\/p>\n\n\n\n<p style=\"font-size:22px;line-height:1.6\"><strong>Jano Desk<\/strong>. The Jano Desk app consists of a <strong>reduced administration console<\/strong> that allows the management of keys and credentials, both virtual on the cell phone and RFID cards. It also features a <strong>QR code<\/strong> to trigger the virtual key activation process on the user&#8217;s cell phone.<\/p>\n\n\n\n<p style=\"font-size:22px;line-height:1.6\"><strong>Jano Key<\/strong>. The Jano key app enables verification of user credentials and uses <strong>Bluetooth technology<\/strong> to open doors and other control elements.<\/p>\n<\/div>\n\n\n\n<div class=\"guten-element guten-button-wrapper guten-80Kol0\"><a class=\"guten-button animated guten-element-hide desktop-fadeInRight guten-button-sm\" href=\"https:\/\/youtu.be\/nhFVWdyIV8I\" target=\"_blank\" rel=\"noreferrer noopener\"><i class=\"fa-lg gtn gtn-play\"><\/i><span>watch video<\/span><\/a><\/div>\n<\/div><\/div>\n<\/div><\/div><\/div>\n<\/div><\/section><\/div>\n<\/div><\/div><\/div>\n<\/div><\/section><\/div>\n\n\n\n<div class=\"section-wrapper\" data-id=\"IWGlMk\"><section class=\"wp-block-gutenverse-section guten-element guten-section guten-IWGlMk layout-boxed align-stretch\"><div class=\"guten-background-overlay\"><\/div><div class=\"guten-shape-divider guten-shape-divider-top\"><\/div><div class=\"guten-shape-divider guten-shape-divider-bottom\"><\/div><div class=\"guten-container guten-column-gap-default\">\n<div class=\"wp-block-gutenverse-column guten-element guten-column guten-zvv6la\"><div class=\"guten-background-overlay\"><\/div><div class=\"sticky-wrapper\" data-id=\"zvv6la\"><div class=\"guten-column-wrapper\">\n<div class=\"section-wrapper\" data-id=\"060j5M\"><section class=\"wp-block-gutenverse-section guten-element guten-section guten-060j5M layout-boxed align-stretch\"><div class=\"guten-background-overlay\"><\/div><div class=\"guten-shape-divider guten-shape-divider-top\"><\/div><div class=\"guten-shape-divider guten-shape-divider-bottom\"><\/div><div class=\"guten-container guten-column-gap-no\">\n<div class=\"wp-block-gutenverse-column guten-element guten-column guten-Ot1KfI\"><div class=\"guten-background-overlay\"><\/div><div class=\"sticky-wrapper\" data-id=\"Ot1KfI\"><div class=\"guten-column-wrapper\">\n<h2 class=\"wp-block-gutenverse-heading guten-element guten-QYXz0N animated guten-element-hide desktop-fadeInRight\">Configuration options<\/h2>\n\n\n\n<div class=\"guten-element gutenverse-text-editor guten-4Mj6BD animated guten-element-hide desktop-fadeInRight\"><div class=\"text-content-inner\">\n<p class=\"has-zeever-form-color has-text-color has-normal-font-size\" style=\"padding-top:0;padding-right:0;padding-bottom:0;padding-left:0\">It is a <strong>scalable<\/strong> system, designed so that it can be expanded according to the needs of the installation and the organization.<\/p>\n\n\n\n<p class=\"has-zeever-form-color has-text-color has-normal-font-size\">The accreditation model is <strong>adaptable<\/strong> to the different security levels of private properties, as well as to different user structures and organizations.<\/p>\n\n\n\n<p class=\"has-zeever-form-color has-text-color has-normal-font-size\">Components have been designed to allow <strong>various configurations<\/strong> and <strong>usage models<\/strong>.<\/p>\n\n\n\n<p>Movilok Jano is prepared to provide solutions to <strong>different<\/strong> access control <strong>scenarios<\/strong>, using the most appropriate technology in each case.  <\/p>\n\n\n\n<div class=\"guten-element guten-icon-list guten-sN1fTL\">\n<div class=\"guten-element guten-icon-list-item guten-TlvD2x\"><a id=\"guten-TlvD2x\"><i class=\"far fa-check-square\"><\/i><span class=\"list-text \">Opening by virtual key on the cell phone without an activated application with QR or NFC reader.<\/span><\/a><\/div>\n\n\n\n<div class=\"guten-element guten-icon-list-item guten-PzwpSr\"><a id=\"guten-PzwpSr\"><i class=\"far fa-check-square\"><\/i><span class=\"list-text \">Remote openings via virtual key on the cell phone without the use of an application<\/span><\/a><\/div>\n\n\n\n<div class=\"guten-element guten-icon-list-item guten-VvWUBF\"><a id=\"guten-VvWUBF\"><i class=\"far fa-check-square\"><\/i><span class=\"list-text \">Virtual key opening with mobile application and bluetooth technology<\/span><\/a><\/div>\n\n\n\n<div class=\"guten-element guten-icon-list-item guten-wyykqj\"><a id=\"guten-wyykqj\"><i class=\"far fa-check-square\"><\/i><span class=\"list-text \">Opening by RFID card as an alternative mechanism<\/span><\/a><\/div>\n\n\n\n<div class=\"guten-element guten-icon-list-item guten-Dd95bE\"><a id=\"guten-Dd95bE\"><i class=\"far fa-check-square\"><\/i><span class=\"list-text \">Remote openings\/lockings from administration control<\/span><\/a><\/div>\n<\/div>\n\n\n\n<p>It adapts to the security and management needs of your installation. <strong>Choose the most suitable option for your company<\/strong>:<\/p>\n<\/div><\/div>\n<\/div><\/div><\/div>\n<\/div><\/section><\/div>\n\n\n\n<div class=\"section-wrapper\" data-id=\"ZbDbJ0\"><section class=\"wp-block-gutenverse-section guten-element guten-section guten-ZbDbJ0 layout-boxed align-stretch\"><div class=\"guten-background-overlay\"><\/div><div class=\"guten-shape-divider guten-shape-divider-top\"><\/div><div class=\"guten-shape-divider guten-shape-divider-bottom\"><\/div><div class=\"guten-container guten-column-gap-default\">\n<div class=\"wp-block-gutenverse-column guten-element guten-column guten-SjCtmk\"><div class=\"guten-background-overlay\"><\/div><div class=\"sticky-wrapper\" data-id=\"SjCtmk\"><div class=\"guten-column-wrapper\">\n<div class=\"guten-Zgv1U6 gutenverse-image-box guten-element style-default\"><div class=\"image-box-header\"><img loading=\"lazy\" decoding=\"async\" class=\"gutenverse-image-box-filled\" src=\"https:\/\/devmklst.mjano.com\/wp-content\/uploads\/1000_Jano-on-line.webp\" height=\"668\" width=\"1000\" alt=\"modo off-line\"\/><\/div><div class=\"image-box-body\"><div class=\"body-inner\"><h3 class=\"body-title icon-position-before\"><i><\/i><span>On-line \u2013 sin aplicaci\u00f3n &#8211; conectividad por cable o wifi<\/span><\/h3><p class=\"body-description\">Soluci\u00f3n en la nube, dise\u00f1ada para encontrar el equilibrio perfecto entre proporcionar elevados niveles de seguridad y facilitar al m\u00e1ximo su uso.<\/p>\n<div class=\"guten-element guten-button-wrapper guten-RlNSuK\"><a class=\"guten-button guten-button-sm\" href=\"#\"><span><\/span><\/a><\/div>\n<\/div><\/div><\/div>\n<\/div><\/div><\/div>\n\n\n\n<div class=\"wp-block-gutenverse-column guten-element guten-column guten-Yc2PY8\"><div class=\"guten-background-overlay\"><\/div><div class=\"sticky-wrapper\" data-id=\"Yc2PY8\"><div class=\"guten-column-wrapper\">\n<div class=\"guten-CwVg4U gutenverse-image-box guten-element style-default\"><div class=\"image-box-header\"><img loading=\"lazy\" decoding=\"async\" class=\"gutenverse-image-box-filled\" src=\"https:\/\/devmklst.mjano.com\/wp-content\/uploads\/1000_Jano-off-line.webp\" height=\"561\" width=\"1000\" alt=\"modo on-line\"\/><\/div><div class=\"image-box-body\"><div class=\"body-inner\"><h3 class=\"body-title icon-position-before\"><i><\/i><span>Off-line \u2013 con aplicaci\u00f3n instalada &#8211; conectividad bluetooth<\/span><\/h3><p class=\"body-description\">Dise\u00f1ada para entornos en los que la conectividad a intenert es una barrera o en los que la descarga de aplicaciones no es un inconveniente.<\/p>\n<div class=\"guten-element guten-button-wrapper guten-K1Dvpw\"><a class=\"guten-button guten-button-sm\" href=\"#\"><span><\/span><\/a><\/div>\n<\/div><\/div><\/div>\n<\/div><\/div><\/div>\n<\/div><\/section><\/div>\n<\/div><\/div><\/div>\n<\/div><\/section><\/div>\n","protected":false},"excerpt":{"rendered":"","protected":false},"author":2,"featured_media":0,"parent":0,"menu_order":0,"comment_status":"closed","ping_status":"closed","template":"template-basic","meta":{"_monsterinsights_skip_tracking":false,"_monsterinsights_sitenote_active":false,"_monsterinsights_sitenote_note":"","_monsterinsights_sitenote_category":0,"footnotes":""},"class_list":["post-1470","page","type-page","status-publish","hentry"],"aioseo_notices":[],"_links":{"self":[{"href":"https:\/\/devmklst.mjano.com\/en\/wp-json\/wp\/v2\/pages\/1470","targetHints":{"allow":["GET"]}}],"collection":[{"href":"https:\/\/devmklst.mjano.com\/en\/wp-json\/wp\/v2\/pages"}],"about":[{"href":"https:\/\/devmklst.mjano.com\/en\/wp-json\/wp\/v2\/types\/page"}],"author":[{"embeddable":true,"href":"https:\/\/devmklst.mjano.com\/en\/wp-json\/wp\/v2\/users\/2"}],"replies":[{"embeddable":true,"href":"https:\/\/devmklst.mjano.com\/en\/wp-json\/wp\/v2\/comments?post=1470"}],"version-history":[{"count":7,"href":"https:\/\/devmklst.mjano.com\/en\/wp-json\/wp\/v2\/pages\/1470\/revisions"}],"predecessor-version":[{"id":2046,"href":"https:\/\/devmklst.mjano.com\/en\/wp-json\/wp\/v2\/pages\/1470\/revisions\/2046"}],"wp:attachment":[{"href":"https:\/\/devmklst.mjano.com\/en\/wp-json\/wp\/v2\/media?parent=1470"}],"curies":[{"name":"wp","href":"https:\/\/api.w.org\/{rel}","templated":true}]}}